{"id":156,"date":"2019-12-06T15:52:03","date_gmt":"2019-12-06T15:52:03","guid":{"rendered":"https:\/\/tde.samuraidev.ch\/kontakt\/"},"modified":"2020-03-25T07:07:34","modified_gmt":"2020-03-25T07:07:34","slug":"contact","status":"publish","type":"page","link":"https:\/\/tde.samuraidev.ch\/en\/contact\/","title":{"rendered":"Contact"},"content":{"rendered":"\n<h2 class=\"has-very-light-gray-color has-text-color wp-block-heading\">We are happy to help you:<\/h2>\n\n\n\n<h3 class=\"wp-block-heading\"><strong>Texat decor engineering AG<\/strong><\/h3>\n\n\n\n<p><strong>Stationsstrasse 59<br>8606 N\u00e4nikon<br>Tel. <a href=\"tel:+41 44 310 20 70\">+41 44 310 20 70<\/a><br>Fax +41 44 310 20 74<br>E-Mail <a href=\"mailto:mail@tde.ch\">mail@tde.ch<\/a><\/strong><\/p>\n\n\n\n<div class=\"wpcf7 no-js\" id=\"wpcf7-f558-o1\" lang=\"en-US\" dir=\"ltr\" data-wpcf7-id=\"558\">\n<div class=\"screen-reader-response\"><p role=\"status\" aria-live=\"polite\" aria-atomic=\"true\"><\/p> <ul><\/ul><\/div>\n<form action=\"\/en\/wp-json\/wp\/v2\/pages\/156#wpcf7-f558-o1\" method=\"post\" class=\"wpcf7-form init\" aria-label=\"Contact form\" novalidate=\"novalidate\" data-status=\"init\">\n<fieldset class=\"hidden-fields-container\"><input type=\"hidden\" name=\"_wpcf7\" value=\"558\" \/><input type=\"hidden\" name=\"_wpcf7_version\" value=\"6.1.3\" \/><input type=\"hidden\" name=\"_wpcf7_locale\" value=\"en_US\" \/><input type=\"hidden\" name=\"_wpcf7_unit_tag\" value=\"wpcf7-f558-o1\" \/><input type=\"hidden\" name=\"_wpcf7_container_post\" value=\"0\" \/><input type=\"hidden\" name=\"_wpcf7_posted_data_hash\" value=\"\" \/>\n<\/fieldset>\n<div class=\"contact-form\">\n<div class=\"row\">\n<div class=\"col-md-6\">\n<label class=\"form-group\">\n<span class=\"lbl\">Company<\/span><span class=\"wpcf7-form-control-wrap\" data-name=\"your-company\"><input size=\"40\" maxlength=\"400\" class=\"wpcf7-form-control wpcf7-text wpcf7-validates-as-required\" aria-required=\"true\" aria-invalid=\"false\" value=\"\" type=\"text\" name=\"your-company\" \/><\/span>\n<\/label>\n<\/div>\n<div class=\"col-md-6\">\n<label class=\"form-group\">\n<span class=\"lbl\">Name*<\/span><span class=\"wpcf7-form-control-wrap\" data-name=\"your-name\"><input size=\"40\" maxlength=\"400\" class=\"wpcf7-form-control wpcf7-text wpcf7-validates-as-required\" aria-required=\"true\" aria-invalid=\"false\" value=\"\" type=\"text\" name=\"your-name\" \/><\/span>\n<\/label>\n<\/div>\n<\/div>\n<div class=\"row\">\n<div class=\"col-md-6\">\n<label class=\"form-group\">\n<span class=\"lbl\">Street\/No<\/span><span class=\"wpcf7-form-control-wrap\" data-name=\"your-street\"><input size=\"40\" maxlength=\"400\" class=\"wpcf7-form-control wpcf7-text\" aria-invalid=\"false\" value=\"\" type=\"text\" name=\"your-street\" \/><\/span>\n<\/label>\n<\/div>\n<div class=\"col-md-6\">\n<label class=\"form-group\">\n<span class=\"lbl\">Postcode\/City<\/span><span class=\"wpcf7-form-control-wrap\" data-name=\"your-postcode-city\"><input size=\"40\" maxlength=\"400\" class=\"wpcf7-form-control wpcf7-text\" aria-invalid=\"false\" value=\"\" type=\"text\" name=\"your-postcode-city\" \/><\/span>\n<\/label>\n<\/div>\n<\/div>\n<div class=\"row\">\n<div class=\"col-md-6\">\n<label class=\"form-group\">\n<span class=\"lbl\">Country<\/span><span class=\"wpcf7-form-control-wrap\" data-name=\"your-country\"><input size=\"40\" maxlength=\"400\" class=\"wpcf7-form-control wpcf7-text\" aria-invalid=\"false\" value=\"\" type=\"text\" name=\"your-country\" \/><\/span>\n<\/label>\n<\/div>\n<div class=\"col-md-6\">\n<label class=\"form-group\">\n<span class=\"lbl\">Phone<\/span><span class=\"wpcf7-form-control-wrap\" data-name=\"your-tel\"><input size=\"40\" maxlength=\"400\" class=\"wpcf7-form-control wpcf7-tel wpcf7-text wpcf7-validates-as-tel\" aria-invalid=\"false\" value=\"\" type=\"tel\" name=\"your-tel\" \/><\/span>\n<\/label>\n<\/div>\n<\/div>\n<div class=\"row\">\n<div class=\"col-md-6\">\n<label class=\"form-group\">\n<span class=\"lbl\">Subject*<\/span><span class=\"wpcf7-form-control-wrap\" data-name=\"your-subject\"><input size=\"40\" maxlength=\"400\" class=\"wpcf7-form-control wpcf7-text wpcf7-validates-as-required\" aria-required=\"true\" aria-invalid=\"false\" value=\"\" type=\"text\" name=\"your-subject\" \/><\/span>\n<\/label>\n<\/div>\n<div class=\"col-md-6\">\n<label class=\"form-group\">\n<span class=\"lbl\">E-Mail*<\/span><span class=\"wpcf7-form-control-wrap\" data-name=\"your-email\"><input size=\"40\" maxlength=\"400\" class=\"wpcf7-form-control wpcf7-email wpcf7-validates-as-required wpcf7-text wpcf7-validates-as-email\" aria-required=\"true\" aria-invalid=\"false\" value=\"\" type=\"email\" name=\"your-email\" \/><\/span>\n<\/label>\n<\/div>\n<\/div>\n<label class=\"form-group\">\n<span class=\"lbl\"><\/span><span class=\"wpcf7-form-control-wrap\" data-name=\"your-message\"><textarea cols=\"40\" rows=\"10\" maxlength=\"2000\" class=\"wpcf7-form-control wpcf7-textarea\" aria-invalid=\"false\" name=\"your-message\"><\/textarea><\/span>\n<\/span>\n<\/label>\n<div class=\"form-group\">\n<span class=\"wpcf7-form-control-wrap\" data-name=\"acceptance-row\"><span class=\"wpcf7-form-control wpcf7-acceptance\"><span class=\"wpcf7-list-item\"><label><input type=\"checkbox\" name=\"acceptance-row\" value=\"1\" aria-invalid=\"false\" \/><span class=\"wpcf7-list-item-label\">I accept the <a target=\"_blank\" href=\"https:\/\/tde.samuraidev.ch\/en\/data-privacy\/\">privacy policy<\/a>*<\/span><\/label><\/span><\/span><\/span>\n<\/div>\n<input class=\"wpcf7-form-control wpcf7-submit has-spinner btn-contact\" type=\"submit\" value=\"Send\" \/>\n<\/div><div class=\"wpcf7-response-output\" aria-hidden=\"true\"><\/div>\n<\/form>\n<\/div>\n\n\n\n\n<div style=\"height:60px\" aria-hidden=\"true\" class=\"wp-block-spacer\"><\/div>\n\n\n\n<div class=\"wp-block-webfactory-map\"><div class=\"wp-block-webfactory-map\"><iframe loading=\"lazy\" width=\"100%\" height=\"450px\" src=\"https:\/\/www.google.com\/maps\/embed\/v1\/place?q=Texat%20decor%20engineering%20AG%2C%20Stationsstrasse%2059%2C%208606%20N%C3%A4nikon&amp;maptype=roadmap&amp;zoom=10&amp;key=AIzaSyAjyDspiPfzEfjRSS5fQzm-3jHFjHxeXB4\" frameborder=\"0\"><\/iframe><\/div><\/div>\n\n\n\n<div style=\"height:60px\" aria-hidden=\"true\" class=\"wp-block-spacer\"><\/div>\n\n\n\n<h4 class=\"wp-block-heading\">Let\u2019s talk about interiors!<\/h4>\n\n\n\n<p>Wir sind f\u00fcr Sie da, wenn es darum geht, aus guten Ideen tats\u00e4chliche Werte zu schaffen. Unser Ziel: mit unserem versierten Team allen Kunden eine L\u00f6sung f\u00fcr ihre Anliegen und Anforderungen anbieten zu k\u00f6nnen. Unsere St\u00e4rken sind die gro\u00dfe Produkt\ufb02exibilit\u00e4t auch in kleinen Serien sowie unser Engagement und unsere Kreativit\u00e4t.<\/p>\n\n\n\n<h4 class=\"wp-block-heading\">We are looking forward to your visit!<\/h4>\n\n\n\n<div class=\"wp-block-image is-style-default\"><figure class=\"aligncenter size-large\"><img loading=\"lazy\" decoding=\"async\" width=\"1024\" height=\"683\" src=\"https:\/\/tde.samuraidev.ch\/wp-content\/uploads\/2020\/03\/Z\u00fcrich-Bahnhof-1024x683.jpg\" alt=\"Kontakt - Texat decor engineering AG\" class=\"wp-image-420\" srcset=\"https:\/\/tde.samuraidev.ch\/wp-content\/uploads\/2020\/03\/Z\u00fcrich-Bahnhof-1024x683.jpg 1024w, https:\/\/tde.samuraidev.ch\/wp-content\/uploads\/2020\/03\/Z\u00fcrich-Bahnhof-300x200.jpg 300w, https:\/\/tde.samuraidev.ch\/wp-content\/uploads\/2020\/03\/Z\u00fcrich-Bahnhof-768x512.jpg 768w, https:\/\/tde.samuraidev.ch\/wp-content\/uploads\/2020\/03\/Z\u00fcrich-Bahnhof-1100x733.jpg 1100w, https:\/\/tde.samuraidev.ch\/wp-content\/uploads\/2020\/03\/Z\u00fcrich-Bahnhof-475x317.jpg 475w, https:\/\/tde.samuraidev.ch\/wp-content\/uploads\/2020\/03\/Z\u00fcrich-Bahnhof-200x133.jpg 200w, https:\/\/tde.samuraidev.ch\/wp-content\/uploads\/2020\/03\/Z\u00fcrich-Bahnhof.jpg 1200w\" sizes=\"auto, (max-width: 1024px) 100vw, 1024px\" \/><\/figure><\/div>\n","protected":false},"excerpt":{"rendered":"<p>We are happy to help you: Texat decor engineering AG Stationsstrasse 598606 N\u00e4nikonTel. +41 44 310 20 70Fax +41 44 310 20 74E-Mail mail@tde.ch Let\u2019s talk about interiors! Wir sind f\u00fcr Sie da, wenn es darum geht, aus guten Ideen tats\u00e4chliche Werte zu schaffen. Unser Ziel: mit unserem versierten Team allen Kunden eine L\u00f6sung f\u00fcr [&hellip;]<\/p>\n","protected":false},"author":5,"featured_media":421,"parent":0,"menu_order":0,"comment_status":"closed","ping_status":"closed","template":"","meta":{"_acf_changed":false,"inline_featured_image":false,"footnotes":""},"class_list":["post-156","page","type-page","status-publish","has-post-thumbnail","hentry"],"acf":[],"yoast_head":"<!-- This site is optimized with the Yoast SEO plugin v25.3.1 - https:\/\/yoast.com\/wordpress\/plugins\/seo\/ -->\n<title>Contact | TDE<\/title>\n<meta name=\"description\" content=\"We are happy to help you: Texat decor engineering AG Stationsstrasse 598606 N\u00e4nikonTel. +41 44 310 20 70Fax +41 44 310 20 74E-Mail mail@tde.ch Let\u2019s talk\" \/>\n<meta name=\"robots\" content=\"noindex, follow, max-snippet:-1, max-image-preview:large, max-video-preview:-1\" \/>\n<meta property=\"og:locale\" content=\"en_US\" \/>\n<meta property=\"og:type\" content=\"article\" \/>\n<meta property=\"og:title\" content=\"Contact | TDE\" \/>\n<meta property=\"og:description\" content=\"We are happy to help you: Texat decor engineering AG Stationsstrasse 598606 N\u00e4nikonTel. +41 44 310 20 70Fax +41 44 310 20 74E-Mail mail@tde.ch Let\u2019s talk\" \/>\n<meta property=\"og:url\" content=\"https:\/\/tde.samuraidev.ch\/kontakt\/\" \/>\n<meta property=\"og:site_name\" content=\"TDE\" \/>\n<meta property=\"article:modified_time\" content=\"2020-03-25T07:07:34+00:00\" \/>\n<meta property=\"og:image\" content=\"https:\/\/tde.samuraidev.ch\/wp-content\/uploads\/2020\/03\/Z\u00fcrich-Bahnhof.jpg\" \/>\n\t<meta property=\"og:image:width\" content=\"1200\" \/>\n\t<meta property=\"og:image:height\" content=\"800\" \/>\n\t<meta property=\"og:image:type\" content=\"image\/jpeg\" \/>\n<meta name=\"twitter:card\" content=\"summary_large_image\" \/>\n<script type=\"application\/ld+json\" class=\"yoast-schema-graph\">{\"@context\":\"https:\/\/schema.org\",\"@graph\":[{\"@type\":\"WebPage\",\"@id\":\"https:\/\/tde.samuraidev.ch\/kontakt\/\",\"url\":\"https:\/\/tde.samuraidev.ch\/kontakt\/\",\"name\":\"Contact | TDE\",\"isPartOf\":{\"@id\":\"https:\/\/tde.samuraidev.ch\/#website\"},\"primaryImageOfPage\":{\"@id\":\"https:\/\/tde.samuraidev.ch\/kontakt\/#primaryimage\"},\"image\":{\"@id\":\"https:\/\/tde.samuraidev.ch\/kontakt\/#primaryimage\"},\"thumbnailUrl\":\"https:\/\/tde.samuraidev.ch\/wp-content\/uploads\/2020\/03\/Z\u00fcrich-Bahnhof.jpg\",\"datePublished\":\"2019-12-06T15:52:03+00:00\",\"dateModified\":\"2020-03-25T07:07:34+00:00\",\"description\":\"We are happy to help you: Texat decor engineering AG Stationsstrasse 598606 N\u00e4nikonTel. +41 44 310 20 70Fax +41 44 310 20 74E-Mail mail@tde.ch Let\u2019s talk\",\"breadcrumb\":{\"@id\":\"https:\/\/tde.samuraidev.ch\/kontakt\/#breadcrumb\"},\"inLanguage\":\"en-US\",\"potentialAction\":[{\"@type\":\"ReadAction\",\"target\":[\"https:\/\/tde.samuraidev.ch\/kontakt\/\"]}]},{\"@type\":\"ImageObject\",\"inLanguage\":\"en-US\",\"@id\":\"https:\/\/tde.samuraidev.ch\/kontakt\/#primaryimage\",\"url\":\"https:\/\/tde.samuraidev.ch\/wp-content\/uploads\/2020\/03\/Z\u00fcrich-Bahnhof.jpg\",\"contentUrl\":\"https:\/\/tde.samuraidev.ch\/wp-content\/uploads\/2020\/03\/Z\u00fcrich-Bahnhof.jpg\",\"width\":1200,\"height\":800,\"caption\":\"Kontakt - Texat decor engineering AG\"},{\"@type\":\"BreadcrumbList\",\"@id\":\"https:\/\/tde.samuraidev.ch\/kontakt\/#breadcrumb\",\"itemListElement\":[{\"@type\":\"ListItem\",\"position\":1,\"name\":\"Startseite\",\"item\":\"https:\/\/tde.samuraidev.ch\/\"},{\"@type\":\"ListItem\",\"position\":2,\"name\":\"Contact\"}]},{\"@type\":\"WebSite\",\"@id\":\"https:\/\/tde.samuraidev.ch\/#website\",\"url\":\"https:\/\/tde.samuraidev.ch\/\",\"name\":\"Texat decor engineering AG\",\"description\":\"Texat decor engineering AG\",\"publisher\":{\"@id\":\"https:\/\/tde.samuraidev.ch\/#organization\"},\"potentialAction\":[{\"@type\":\"SearchAction\",\"target\":{\"@type\":\"EntryPoint\",\"urlTemplate\":\"https:\/\/tde.samuraidev.ch\/?s={search_term_string}\"},\"query-input\":{\"@type\":\"PropertyValueSpecification\",\"valueRequired\":true,\"valueName\":\"search_term_string\"}}],\"inLanguage\":\"en-US\"},{\"@type\":\"Organization\",\"@id\":\"https:\/\/tde.samuraidev.ch\/#organization\",\"name\":\"Texat decor engineering AG\",\"url\":\"https:\/\/tde.samuraidev.ch\/\",\"logo\":{\"@type\":\"ImageObject\",\"inLanguage\":\"en-US\",\"@id\":\"https:\/\/tde.samuraidev.ch\/#\/schema\/logo\/image\/\",\"url\":\"https:\/\/tde.samuraidev.ch\/wp-content\/uploads\/2019\/12\/tde-texat-decor-engineering-ag-logo.png\",\"contentUrl\":\"https:\/\/tde.samuraidev.ch\/wp-content\/uploads\/2019\/12\/tde-texat-decor-engineering-ag-logo.png\",\"width\":556,\"height\":221,\"caption\":\"Texat decor engineering AG\"},\"image\":{\"@id\":\"https:\/\/tde.samuraidev.ch\/#\/schema\/logo\/image\/\"}}]}<\/script>\n<!-- \/ Yoast SEO plugin. -->","yoast_head_json":{"title":"Contact | TDE","description":"We are happy to help you: Texat decor engineering AG Stationsstrasse 598606 N\u00e4nikonTel. +41 44 310 20 70Fax +41 44 310 20 74E-Mail mail@tde.ch Let\u2019s talk","robots":{"index":"noindex","follow":"follow","max-snippet":"max-snippet:-1","max-image-preview":"max-image-preview:large","max-video-preview":"max-video-preview:-1"},"og_locale":"en_US","og_type":"article","og_title":"Contact | TDE","og_description":"We are happy to help you: Texat decor engineering AG Stationsstrasse 598606 N\u00e4nikonTel. +41 44 310 20 70Fax +41 44 310 20 74E-Mail mail@tde.ch Let\u2019s talk","og_url":"https:\/\/tde.samuraidev.ch\/kontakt\/","og_site_name":"TDE","article_modified_time":"2020-03-25T07:07:34+00:00","og_image":[{"width":1200,"height":800,"url":"https:\/\/tde.samuraidev.ch\/wp-content\/uploads\/2020\/03\/Z\u00fcrich-Bahnhof.jpg","type":"image\/jpeg"}],"twitter_card":"summary_large_image","schema":{"@context":"https:\/\/schema.org","@graph":[{"@type":"WebPage","@id":"https:\/\/tde.samuraidev.ch\/kontakt\/","url":"https:\/\/tde.samuraidev.ch\/kontakt\/","name":"Contact | TDE","isPartOf":{"@id":"https:\/\/tde.samuraidev.ch\/#website"},"primaryImageOfPage":{"@id":"https:\/\/tde.samuraidev.ch\/kontakt\/#primaryimage"},"image":{"@id":"https:\/\/tde.samuraidev.ch\/kontakt\/#primaryimage"},"thumbnailUrl":"https:\/\/tde.samuraidev.ch\/wp-content\/uploads\/2020\/03\/Z\u00fcrich-Bahnhof.jpg","datePublished":"2019-12-06T15:52:03+00:00","dateModified":"2020-03-25T07:07:34+00:00","description":"We are happy to help you: Texat decor engineering AG Stationsstrasse 598606 N\u00e4nikonTel. +41 44 310 20 70Fax +41 44 310 20 74E-Mail mail@tde.ch Let\u2019s talk","breadcrumb":{"@id":"https:\/\/tde.samuraidev.ch\/kontakt\/#breadcrumb"},"inLanguage":"en-US","potentialAction":[{"@type":"ReadAction","target":["https:\/\/tde.samuraidev.ch\/kontakt\/"]}]},{"@type":"ImageObject","inLanguage":"en-US","@id":"https:\/\/tde.samuraidev.ch\/kontakt\/#primaryimage","url":"https:\/\/tde.samuraidev.ch\/wp-content\/uploads\/2020\/03\/Z\u00fcrich-Bahnhof.jpg","contentUrl":"https:\/\/tde.samuraidev.ch\/wp-content\/uploads\/2020\/03\/Z\u00fcrich-Bahnhof.jpg","width":1200,"height":800,"caption":"Kontakt - Texat decor engineering AG"},{"@type":"BreadcrumbList","@id":"https:\/\/tde.samuraidev.ch\/kontakt\/#breadcrumb","itemListElement":[{"@type":"ListItem","position":1,"name":"Startseite","item":"https:\/\/tde.samuraidev.ch\/"},{"@type":"ListItem","position":2,"name":"Contact"}]},{"@type":"WebSite","@id":"https:\/\/tde.samuraidev.ch\/#website","url":"https:\/\/tde.samuraidev.ch\/","name":"Texat decor engineering AG","description":"Texat decor engineering AG","publisher":{"@id":"https:\/\/tde.samuraidev.ch\/#organization"},"potentialAction":[{"@type":"SearchAction","target":{"@type":"EntryPoint","urlTemplate":"https:\/\/tde.samuraidev.ch\/?s={search_term_string}"},"query-input":{"@type":"PropertyValueSpecification","valueRequired":true,"valueName":"search_term_string"}}],"inLanguage":"en-US"},{"@type":"Organization","@id":"https:\/\/tde.samuraidev.ch\/#organization","name":"Texat decor engineering AG","url":"https:\/\/tde.samuraidev.ch\/","logo":{"@type":"ImageObject","inLanguage":"en-US","@id":"https:\/\/tde.samuraidev.ch\/#\/schema\/logo\/image\/","url":"https:\/\/tde.samuraidev.ch\/wp-content\/uploads\/2019\/12\/tde-texat-decor-engineering-ag-logo.png","contentUrl":"https:\/\/tde.samuraidev.ch\/wp-content\/uploads\/2019\/12\/tde-texat-decor-engineering-ag-logo.png","width":556,"height":221,"caption":"Texat decor engineering AG"},"image":{"@id":"https:\/\/tde.samuraidev.ch\/#\/schema\/logo\/image\/"}}]}},"_links":{"self":[{"href":"https:\/\/tde.samuraidev.ch\/en\/wp-json\/wp\/v2\/pages\/156","targetHints":{"allow":["GET"]}}],"collection":[{"href":"https:\/\/tde.samuraidev.ch\/en\/wp-json\/wp\/v2\/pages"}],"about":[{"href":"https:\/\/tde.samuraidev.ch\/en\/wp-json\/wp\/v2\/types\/page"}],"author":[{"embeddable":true,"href":"https:\/\/tde.samuraidev.ch\/en\/wp-json\/wp\/v2\/users\/5"}],"replies":[{"embeddable":true,"href":"https:\/\/tde.samuraidev.ch\/en\/wp-json\/wp\/v2\/comments?post=156"}],"version-history":[{"count":0,"href":"https:\/\/tde.samuraidev.ch\/en\/wp-json\/wp\/v2\/pages\/156\/revisions"}],"wp:featuredmedia":[{"embeddable":true,"href":"https:\/\/tde.samuraidev.ch\/en\/wp-json\/wp\/v2\/media\/421"}],"wp:attachment":[{"href":"https:\/\/tde.samuraidev.ch\/en\/wp-json\/wp\/v2\/media?parent=156"}],"curies":[{"name":"wp","href":"https:\/\/api.w.org\/{rel}","templated":true}]}}